{"id":1585,"date":"2024-05-19T10:57:01","date_gmt":"2024-05-19T10:57:01","guid":{"rendered":"https:\/\/confienzafarm.com\/greenhouse-sprayers-for-sale\/"},"modified":"2024-05-19T12:37:46","modified_gmt":"2024-05-19T12:37:46","slug":"sera-ilaclama-makinesi","status":"publish","type":"page","link":"https:\/\/confienzafarm.com\/tr\/sera-ilaclama-makinesi\/","title":{"rendered":"Sera \u0130la\u00e7lama Makinesi"},"content":{"rendered":"\t\t<div data-elementor-type=\"wp-page\" data-elementor-id=\"1585\" class=\"elementor elementor-1585\">\n\t\t\t\t\t\t<section class=\"elementor-section elementor-top-section elementor-element elementor-element-efb3ef2 elementor-section-boxed elementor-section-height-default elementor-section-height-default wpr-particle-no wpr-jarallax-no wpr-parallax-no wpr-sticky-section-no\" data-id=\"efb3ef2\" data-element_type=\"section\" data-settings=\"{&quot;shape_divider_bottom&quot;:&quot;tilt&quot;,&quot;background_background&quot;:&quot;gradient&quot;}\">\n\t\t\t\t\t<div class=\"elementor-shape elementor-shape-bottom\" data-negative=\"false\">\n\t\t\t<svg xmlns=\"http:\/\/www.w3.org\/2000\/svg\" viewBox=\"0 0 1000 100\" preserveAspectRatio=\"none\">\n\t<path class=\"elementor-shape-fill\" d=\"M0,6V0h1000v100L0,6z\"\/>\n<\/svg>\t\t<\/div>\n\t\t\t\t\t<div class=\"elementor-container elementor-column-gap-default\">\n\t\t\t\t\t<div class=\"elementor-column elementor-col-100 elementor-top-column elementor-element elementor-element-3c9eb7b7\" data-id=\"3c9eb7b7\" data-element_type=\"column\">\n\t\t\t<div class=\"elementor-widget-wrap elementor-element-populated\">\n\t\t\t\t\t\t<div class=\"elementor-element elementor-element-d17dbb7 elementor-widget elementor-widget-heading\" data-id=\"d17dbb7\" data-element_type=\"widget\" data-widget_type=\"heading.default\">\n\t\t\t\t<div class=\"elementor-widget-container\">\n\t\t\t<style>\/*! elementor - v3.20.0 - 20-03-2024 *\/\n.elementor-heading-title{padding:0;margin:0;line-height:1}.elementor-widget-heading .elementor-heading-title[class*=elementor-size-]>a{color:inherit;font-size:inherit;line-height:inherit}.elementor-widget-heading .elementor-heading-title.elementor-size-small{font-size:15px}.elementor-widget-heading .elementor-heading-title.elementor-size-medium{font-size:19px}.elementor-widget-heading .elementor-heading-title.elementor-size-large{font-size:29px}.elementor-widget-heading .elementor-heading-title.elementor-size-xl{font-size:39px}.elementor-widget-heading .elementor-heading-title.elementor-size-xxl{font-size:59px}<\/style><h1 class=\"elementor-heading-title elementor-size-default\">Sera \u0130la\u00e7lama Makinesi<\/h1>\t\t<\/div>\n\t\t\t\t<\/div>\n\t\t\t\t<div class=\"elementor-element elementor-element-2853f747 elementor-icon-list--layout-inline elementor-mobile-align-center elementor-list-item-link-full_width elementor-widget elementor-widget-icon-list\" data-id=\"2853f747\" data-element_type=\"widget\" data-widget_type=\"icon-list.default\">\n\t\t\t\t<div class=\"elementor-widget-container\">\n\t\t\t<link rel=\"stylesheet\" href=\"https:\/\/confienzafarm.com\/wp-content\/plugins\/elementor\/assets\/css\/widget-icon-list.min.css\">\t\t<ul class=\"elementor-icon-list-items elementor-inline-items\">\n\t\t\t\t\t\t\t<li class=\"elementor-icon-list-item elementor-inline-item\">\n\t\t\t\t\t\t\t\t\t\t\t<a href=\"\/tr\/\">\n\n\t\t\t\t\t\t\t\t\t\t\t<span class=\"elementor-icon-list-text\">Anasayfa<\/span>\n\t\t\t\t\t\t\t\t\t\t\t<\/a>\n\t\t\t\t\t\t\t\t\t<\/li>\n\t\t\t\t\t\t\t\t<li class=\"elementor-icon-list-item elementor-inline-item\">\n\t\t\t\t\t\t\t\t\t\t\t<span class=\"elementor-icon-list-icon\">\n\t\t\t\t\t\t\t<svg aria-hidden=\"true\" class=\"e-font-icon-svg e-fas-chevron-right\" viewBox=\"0 0 320 512\" xmlns=\"http:\/\/www.w3.org\/2000\/svg\"><path d=\"M285.476 272.971L91.132 467.314c-9.373 9.373-24.569 9.373-33.941 0l-22.667-22.667c-9.357-9.357-9.375-24.522-.04-33.901L188.505 256 34.484 101.255c-9.335-9.379-9.317-24.544.04-33.901l22.667-22.667c9.373-9.373 24.569-9.373 33.941 0L285.475 239.03c9.373 9.372 9.373 24.568.001 33.941z\"><\/path><\/svg>\t\t\t\t\t\t<\/span>\n\t\t\t\t\t\t\t\t\t\t<span class=\"elementor-icon-list-text\"><\/span>\n\t\t\t\t\t\t\t\t\t<\/li>\n\t\t\t\t\t\t\t\t<li class=\"elementor-icon-list-item elementor-inline-item\">\n\t\t\t\t\t\t\t\t\t\t<span class=\"elementor-icon-list-text\">Sera \u0130la\u00e7lama Makinesi<\/span>\n\t\t\t\t\t\t\t\t\t<\/li>\n\t\t\t\t\t\t<\/ul>\n\t\t\t\t<\/div>\n\t\t\t\t<\/div>\n\t\t\t\t\t<\/div>\n\t\t<\/div>\n\t\t\t\t\t<\/div>\n\t\t<\/section>\n\t\t<div class=\"elementor-element elementor-element-42628ec0 e-flex e-con-boxed wpr-particle-no wpr-jarallax-no wpr-parallax-no wpr-sticky-section-no e-con e-parent\" data-id=\"42628ec0\" data-element_type=\"container\" data-settings=\"{&quot;background_background&quot;:&quot;classic&quot;}\" data-core-v316-plus=\"true\">\n\t\t\t\t\t<div class=\"e-con-inner\">\n\t\t<div class=\"elementor-element elementor-element-3fb2702c e-con-full e-flex wpr-particle-no wpr-jarallax-no wpr-parallax-no wpr-sticky-section-no e-con e-child\" data-id=\"3fb2702c\" data-element_type=\"container\">\n\t\t<div class=\"elementor-element elementor-element-b5bf723 e-con-full e-flex wpr-particle-no wpr-jarallax-no wpr-parallax-no wpr-sticky-section-no e-con e-child\" data-id=\"b5bf723\" data-element_type=\"container\">\n\t\t<div class=\"elementor-element elementor-element-58ea881f e-con-full e-flex wpr-particle-no wpr-jarallax-no wpr-parallax-no wpr-sticky-section-no elementor-invisible e-con e-child\" data-id=\"58ea881f\" data-element_type=\"container\" data-settings=\"{&quot;background_background&quot;:&quot;gradient&quot;,&quot;animation&quot;:&quot;pulse&quot;,&quot;animation_delay&quot;:0}\">\n\t\t\t\t<div class=\"elementor-element elementor-element-1c8d1d38 e-transform elementor-widget elementor-widget-image\" data-id=\"1c8d1d38\" data-element_type=\"widget\" data-settings=\"{&quot;_transform_scale_effect&quot;:{&quot;unit&quot;:&quot;px&quot;,&quot;size&quot;:0.7,&quot;sizes&quot;:[]},&quot;_transform_scale_effect_tablet&quot;:{&quot;unit&quot;:&quot;px&quot;,&quot;size&quot;:&quot;&quot;,&quot;sizes&quot;:[]},&quot;_transform_scale_effect_mobile&quot;:{&quot;unit&quot;:&quot;px&quot;,&quot;size&quot;:&quot;&quot;,&quot;sizes&quot;:[]}}\" data-widget_type=\"image.default\">\n\t\t\t\t<div class=\"elementor-widget-container\">\n\t\t\t<style>\/*! elementor - v3.20.0 - 20-03-2024 *\/\n.elementor-widget-image{text-align:center}.elementor-widget-image a{display:inline-block}.elementor-widget-image a img[src$=\".svg\"]{width:48px}.elementor-widget-image img{vertical-align:middle;display:inline-block}<\/style>\t\t\t\t\t\t\t\t\t\t<img fetchpriority=\"high\" decoding=\"async\" width=\"600\" height=\"600\" src=\"https:\/\/confienzafarm.com\/wp-content\/uploads\/2024\/05\/new-valente-600-sera-1.png\" class=\"attachment-full size-full wp-image-1166\" alt=\"\" srcset=\"https:\/\/confienzafarm.com\/wp-content\/uploads\/2024\/05\/new-valente-600-sera-1.png 600w, https:\/\/confienzafarm.com\/wp-content\/uploads\/2024\/05\/new-valente-600-sera-1-300x300.png 300w, https:\/\/confienzafarm.com\/wp-content\/uploads\/2024\/05\/new-valente-600-sera-1-150x150.png 150w\" sizes=\"(max-width: 600px) 100vw, 600px\" \/>\t\t\t\t\t\t\t\t\t\t\t\t\t<\/div>\n\t\t\t\t<\/div>\n\t\t<div class=\"elementor-element elementor-element-3771ca34 e-con-full e-flex wpr-particle-no wpr-jarallax-no wpr-parallax-no wpr-sticky-section-no e-con e-child\" data-id=\"3771ca34\" data-element_type=\"container\">\n\t\t<div class=\"elementor-element elementor-element-658dfc75 e-con-full e-flex wpr-particle-no wpr-jarallax-no wpr-parallax-no wpr-sticky-section-no e-con e-child\" data-id=\"658dfc75\" data-element_type=\"container\">\n\t\t\t\t<div class=\"elementor-element elementor-element-22e29cad elementor-widget elementor-widget-heading\" data-id=\"22e29cad\" data-element_type=\"widget\" data-widget_type=\"heading.default\">\n\t\t\t\t<div class=\"elementor-widget-container\">\n\t\t\t<h2 class=\"elementor-heading-title elementor-size-default\">Valente 600 L - Sera\n<\/h2>\t\t<\/div>\n\t\t\t\t<\/div>\n\t\t\t\t<\/div>\n\t\t<div class=\"elementor-element elementor-element-366843c0 e-con-full e-flex wpr-particle-no wpr-jarallax-no wpr-parallax-no wpr-sticky-section-no e-con e-child\" data-id=\"366843c0\" data-element_type=\"container\">\n\t\t\t\t<div class=\"elementor-element elementor-element-4a1c3d89 elementor-view-default elementor-widget elementor-widget-icon\" data-id=\"4a1c3d89\" data-element_type=\"widget\" data-widget_type=\"icon.default\">\n\t\t\t\t<div class=\"elementor-widget-container\">\n\t\t\t\t\t<div class=\"elementor-icon-wrapper\">\n\t\t\t<a class=\"elementor-icon\" href=\"\/tr\/valente-600-l-sera\/\">\n\t\t\t<svg aria-hidden=\"true\" class=\"e-font-icon-svg e-fas-chevron-right\" viewBox=\"0 0 320 512\" xmlns=\"http:\/\/www.w3.org\/2000\/svg\"><path d=\"M285.476 272.971L91.132 467.314c-9.373 9.373-24.569 9.373-33.941 0l-22.667-22.667c-9.357-9.357-9.375-24.522-.04-33.901L188.505 256 34.484 101.255c-9.335-9.379-9.317-24.544.04-33.901l22.667-22.667c9.373-9.373 24.569-9.373 33.941 0L285.475 239.03c9.373 9.372 9.373 24.568.001 33.941z\"><\/path><\/svg>\t\t\t<\/a>\n\t\t<\/div>\n\t\t\t\t<\/div>\n\t\t\t\t<\/div>\n\t\t\t\t<\/div>\n\t\t\t\t<\/div>\n\t\t\t\t<div class=\"elementor-element elementor-element-f39ee97 elementor-icon-list--layout-traditional elementor-list-item-link-full_width elementor-widget elementor-widget-icon-list\" data-id=\"f39ee97\" data-element_type=\"widget\" data-widget_type=\"icon-list.default\">\n\t\t\t\t<div class=\"elementor-widget-container\">\n\t\t\t\t\t<ul class=\"elementor-icon-list-items\">\n\t\t\t\t\t\t\t<li class=\"elementor-icon-list-item\">\n\t\t\t\t\t\t\t\t\t\t\t<span class=\"elementor-icon-list-icon\">\n\t\t\t\t\t\t\t<svg aria-hidden=\"true\" class=\"e-font-icon-svg e-fas-caret-right\" viewBox=\"0 0 192 512\" xmlns=\"http:\/\/www.w3.org\/2000\/svg\"><path d=\"M0 384.662V127.338c0-17.818 21.543-26.741 34.142-14.142l128.662 128.662c7.81 7.81 7.81 20.474 0 28.284L34.142 398.804C21.543 411.404 0 402.48 0 384.662z\"><\/path><\/svg>\t\t\t\t\t\t<\/span>\n\t\t\t\t\t\t\t\t\t\t<span class=\"elementor-icon-list-text\">600 L<\/span>\n\t\t\t\t\t\t\t\t\t<\/li>\n\t\t\t\t\t\t\t\t<li class=\"elementor-icon-list-item\">\n\t\t\t\t\t\t\t\t\t\t\t<span class=\"elementor-icon-list-icon\">\n\t\t\t\t\t\t\t<svg aria-hidden=\"true\" class=\"e-font-icon-svg e-fas-caret-right\" viewBox=\"0 0 192 512\" xmlns=\"http:\/\/www.w3.org\/2000\/svg\"><path d=\"M0 384.662V127.338c0-17.818 21.543-26.741 34.142-14.142l128.662 128.662c7.81 7.81 7.81 20.474 0 28.284L34.142 398.804C21.543 411.404 0 402.48 0 384.662z\"><\/path><\/svg>\t\t\t\t\t\t<\/span>\n\t\t\t\t\t\t\t\t\t\t<span class=\"elementor-icon-list-text\">Trakt\u00f6re G\u00f6re Makine \u00dcretimi<\/span>\n\t\t\t\t\t\t\t\t\t<\/li>\n\t\t\t\t\t\t\t\t<li class=\"elementor-icon-list-item\">\n\t\t\t\t\t\t\t\t\t\t\t<span class=\"elementor-icon-list-icon\">\n\t\t\t\t\t\t\t<svg aria-hidden=\"true\" class=\"e-font-icon-svg e-fas-caret-right\" viewBox=\"0 0 192 512\" xmlns=\"http:\/\/www.w3.org\/2000\/svg\"><path d=\"M0 384.662V127.338c0-17.818 21.543-26.741 34.142-14.142l128.662 128.662c7.81 7.81 7.81 20.474 0 28.284L34.142 398.804C21.543 411.404 0 402.48 0 384.662z\"><\/path><\/svg>\t\t\t\t\t\t<\/span>\n\t\t\t\t\t\t\t\t\t\t<span class=\"elementor-icon-list-text\">Mahsule G\u00f6re Makine \u00dcretimi<\/span>\n\t\t\t\t\t\t\t\t\t<\/li>\n\t\t\t\t\t\t\t\t<li class=\"elementor-icon-list-item\">\n\t\t\t\t\t\t\t\t\t\t\t<span class=\"elementor-icon-list-icon\">\n\t\t\t\t\t\t\t<svg aria-hidden=\"true\" class=\"e-font-icon-svg e-fas-caret-right\" viewBox=\"0 0 192 512\" xmlns=\"http:\/\/www.w3.org\/2000\/svg\"><path d=\"M0 384.662V127.338c0-17.818 21.543-26.741 34.142-14.142l128.662 128.662c7.81 7.81 7.81 20.474 0 28.284L34.142 398.804C21.543 411.404 0 402.48 0 384.662z\"><\/path><\/svg>\t\t\t\t\t\t<\/span>\n\t\t\t\t\t\t\t\t\t\t<span class=\"elementor-icon-list-text\">2 Y\u0131l Garanti<\/span>\n\t\t\t\t\t\t\t\t\t<\/li>\n\t\t\t\t\t\t\t\t<li class=\"elementor-icon-list-item\">\n\t\t\t\t\t\t\t\t\t\t\t<span class=\"elementor-icon-list-icon\">\n\t\t\t\t\t\t\t<svg aria-hidden=\"true\" class=\"e-font-icon-svg e-fas-caret-right\" viewBox=\"0 0 192 512\" xmlns=\"http:\/\/www.w3.org\/2000\/svg\"><path d=\"M0 384.662V127.338c0-17.818 21.543-26.741 34.142-14.142l128.662 128.662c7.81 7.81 7.81 20.474 0 28.284L34.142 398.804C21.543 411.404 0 402.48 0 384.662z\"><\/path><\/svg>\t\t\t\t\t\t<\/span>\n\t\t\t\t\t\t\t\t\t\t<span class=\"elementor-icon-list-text\">10 Y\u0131l Yedek Par\u00e7a Garantisi<\/span>\n\t\t\t\t\t\t\t\t\t<\/li>\n\t\t\t\t\t\t<\/ul>\n\t\t\t\t<\/div>\n\t\t\t\t<\/div>\n\t\t\t\t<div class=\"elementor-element elementor-element-7e16bb3c elementor-align-justify elementor-widget elementor-widget-button\" data-id=\"7e16bb3c\" data-element_type=\"widget\" data-widget_type=\"button.default\">\n\t\t\t\t<div class=\"elementor-widget-container\">\n\t\t\t\t\t<div class=\"elementor-button-wrapper\">\n\t\t\t<a class=\"elementor-button elementor-button-link elementor-size-sm\" href=\"\/tr\/valente-600-l-sera\/\">\n\t\t\t\t\t\t<span class=\"elementor-button-content-wrapper\">\n\t\t\t\t\t\t<span class=\"elementor-button-text\">\u00dcr\u00fcn\u00fc G\u00f6r\u00fcnt\u00fcle<\/span>\n\t\t<\/span>\n\t\t\t\t\t<\/a>\n\t\t<\/div>\n\t\t\t\t<\/div>\n\t\t\t\t<\/div>\n\t\t\t\t<\/div>\n\t\t<div class=\"elementor-element elementor-element-3f332ed5 e-con-full e-flex wpr-particle-no wpr-jarallax-no wpr-parallax-no wpr-sticky-section-no elementor-invisible e-con e-child\" data-id=\"3f332ed5\" data-element_type=\"container\" data-settings=\"{&quot;animation&quot;:&quot;pulse&quot;,&quot;animation_delay&quot;:0}\">\n\t\t\t\t<\/div>\n\t\t<div class=\"elementor-element elementor-element-1d484b5 e-con-full e-flex wpr-particle-no wpr-jarallax-no wpr-parallax-no wpr-sticky-section-no elementor-invisible e-con e-child\" data-id=\"1d484b5\" data-element_type=\"container\" data-settings=\"{&quot;animation&quot;:&quot;pulse&quot;,&quot;animation_delay&quot;:0}\">\n\t\t\t\t<\/div>\n\t\t<div class=\"elementor-element elementor-element-7a3129d e-con-full e-flex wpr-particle-no wpr-jarallax-no wpr-parallax-no wpr-sticky-section-no elementor-invisible e-con e-child\" data-id=\"7a3129d\" data-element_type=\"container\" data-settings=\"{&quot;animation&quot;:&quot;pulse&quot;,&quot;animation_delay&quot;:0}\">\n\t\t\t\t<\/div>\n\t\t\t\t<\/div>\n\t\t\t\t<\/div>\n\t\t\t\t\t<\/div>\n\t\t\t\t<\/div>\n\t\t<div class=\"elementor-element elementor-element-f6cc221 e-flex e-con-boxed wpr-particle-no wpr-jarallax-no wpr-parallax-no wpr-sticky-section-no e-con e-parent\" data-id=\"f6cc221\" data-element_type=\"container\" data-core-v316-plus=\"true\">\n\t\t\t\t\t<div class=\"e-con-inner\">\n\t\t\t\t<div class=\"elementor-element elementor-element-e2ad4dc elementor-widget elementor-widget-heading\" data-id=\"e2ad4dc\" data-element_type=\"widget\" data-widget_type=\"heading.default\">\n\t\t\t\t<div class=\"elementor-widget-container\">\n\t\t\t<h2 class=\"elementor-heading-title elementor-size-default\">Sera \u0130la\u00e7lama Makinesi<\/h2>\t\t<\/div>\n\t\t\t\t<\/div>\n\t\t\t\t<div class=\"elementor-element elementor-element-e7d055e elementor-widget elementor-widget-text-editor\" data-id=\"e7d055e\" data-element_type=\"widget\" data-widget_type=\"text-editor.default\">\n\t\t\t\t<div class=\"elementor-widget-container\">\n\t\t\t<style>\/*! elementor - v3.20.0 - 20-03-2024 *\/\n.elementor-widget-text-editor.elementor-drop-cap-view-stacked .elementor-drop-cap{background-color:#69727d;color:#fff}.elementor-widget-text-editor.elementor-drop-cap-view-framed .elementor-drop-cap{color:#69727d;border:3px solid;background-color:transparent}.elementor-widget-text-editor:not(.elementor-drop-cap-view-default) .elementor-drop-cap{margin-top:8px}.elementor-widget-text-editor:not(.elementor-drop-cap-view-default) .elementor-drop-cap-letter{width:1em;height:1em}.elementor-widget-text-editor .elementor-drop-cap{float:left;text-align:center;line-height:1;font-size:50px}.elementor-widget-text-editor .elementor-drop-cap-letter{display:inline-block}<\/style>\t\t\t\t<div class=\"flex flex-grow flex-col max-w-full\"><div class=\"min-h-[20px] text-message flex flex-col items-start whitespace-pre-wrap break-words [.text-message+&amp;]:mt-5 meyve suyu:w-full meyve suyu: items-end overflow-x-auto bo\u015fluk-2\" dir=\"auto\" data-message-author-role=\"assistant\" data-message-id=\"827a41ce-ca44-491a-b028-fa975d5b4348\"><div class=\"flex w-full flex-col bo\u015fluk-1 meyve suyu:bo\u015f:gizli meyve suyu:ilk:pt-[3px]\"><div class=\"markdown d\u00fczyaz\u0131 w-tam ara-s\u00f6zc\u00fckler karanl\u0131k:d\u00fczyaz\u0131-invert light\"><p>Seralarda bitkilerin sa\u011fl\u0131\u011f\u0131n\u0131n korunmas\u0131 i\u00e7in etkili bah\u00e7e ila\u00e7lama makineleri \u015fartt\u0131r. Sera ortamlar\u0131 kontrol alt\u0131nda tutuldu\u011fu halde yaprak bitleri, beyaz sinekler, \u00f6r\u00fcmcek akarlar\u0131 ve mantar enfeksiyonlar\u0131 gibi zararl\u0131lara ve hastal\u0131klara e\u011filimli olabilir. Bu sorunlar\u0131 y\u00f6netmek i\u00e7in pestisitlerin, fungisitlerin ve di\u011fer tedavilerin hassas ve etkili bir \u015fekilde uygulanmas\u0131n\u0131 sa\u011flayacak \u00f6zel p\u00fcsk\u00fcrtme ekipman\u0131na ihtiya\u00e7 vard\u0131r. K\u00fc\u00e7\u00fck ve orta b\u00fcy\u00fckl\u00fckteki seralar i\u00e7in, el tipi veya s\u0131rt \u00e7antal\u0131 p\u00fcsk\u00fcrt\u00fcc\u00fcler genellikle en pratik se\u00e7imdir. Bu p\u00fcsk\u00fcrt\u00fcc\u00fcler hedefe y\u00f6nelik uygulamaya izin vererek sera i\u00e7indeki belirli bitkilerin veya alanlar\u0131n ila\u00e7lanmas\u0131n\u0131 kolayla\u015ft\u0131r\u0131r. Elde ta\u015f\u0131nan p\u00fcsk\u00fcrt\u00fcc\u00fcler, nokta tedavileri i\u00e7in idealdir ve p\u00fcsk\u00fcrtme desenlerini ve damlac\u0131k boyutlar\u0131n\u0131 kontrol etmek i\u00e7in ayarlanabilir nozullarla donat\u0131labilir. S\u0131rt tipi p\u00fcsk\u00fcrt\u00fcc\u00fcler daha fazla hareket kabiliyeti ve kapasite sunarak, onlar\u0131 daha geni\u015f kapsama alan\u0131 gerektiren daha b\u00fcy\u00fck seralar i\u00e7in uygun hale getirir. Daha b\u00fcy\u00fck sera operasyonlar\u0131nda, arabaya monte edilen veya sisleme p\u00fcsk\u00fcrt\u00fcc\u00fcleri gibi daha geli\u015fmi\u015f makineler yayg\u0131n olarak kullan\u0131lmaktad\u0131r. Arabaya monteli p\u00fcsk\u00fcrt\u00fcc\u00fcler sera koridorlar\u0131nda kolayca hareket ettirilebilir ve b\u00f6ylece daha geni\u015f alanlar i\u00e7in tutarl\u0131 kapsama alan\u0131 sa\u011flan\u0131r. Bu p\u00fcsk\u00fcrt\u00fcc\u00fcler tipik olarak p\u00fcsk\u00fcrtme desenini \u00f6zelle\u015ftirmek ve kapsaml\u0131 bir uygulama sa\u011flamak i\u00e7in \u00e7e\u015fitli meme se\u00e7enekleriyle birlikte gelir. Sisleme p\u00fcsk\u00fcrt\u00fcc\u00fcleri, geni\u015f bir alan\u0131 e\u015fit \u015fekilde kaplayan ince bir sis olu\u015fturma yetenekleri nedeniyle seralarda \u00f6zellikle etkilidir; bu, hassas yapraklar\u0131 olan veya neme ba\u011fl\u0131 hastal\u0131klara duyarl\u0131 olan bitkilerin tedavisinde faydal\u0131d\u0131r.<\/p><p>Otomatik ve robotik p\u00fcsk\u00fcrt\u00fcc\u00fcler, seralar i\u00e7in p\u00fcsk\u00fcrtme teknolojisinin en son noktas\u0131n\u0131 temsil etmektedir. Bu sistemler otonom olarak \u00e7al\u0131\u015facak, sera i\u00e7erisinde raylar veya tekerlekler \u00fczerinde hareket edecek \u015fekilde programlanabilmektedir. Tam olarak ihtiya\u00e7 duyulan yerde gezinmek ve tedavileri uygulamak i\u00e7in sens\u00f6rleri ve GPS teknolojisini kullan\u0131rlar. Otomatik ila\u00e7lama makineleri, ha\u015fere pop\u00fclasyonlar\u0131n\u0131 veya hastal\u0131k salg\u0131nlar\u0131n\u0131 tespit etmek i\u00e7in \u00e7e\u015fitli sens\u00f6rlerle donat\u0131labilir ve bu da hedefe y\u00f6nelik ve etkili ila\u00e7lama yap\u0131lmas\u0131na olanak tan\u0131r. Bu sadece zamandan ve i\u015f\u00e7ilik maliyetlerinden tasarruf etmekle kalmaz, ayn\u0131 zamanda kullan\u0131lan kimyasal miktar\u0131n\u0131 da en aza indirerek zararl\u0131 ve hastal\u0131k y\u00f6netimine daha s\u00fcrd\u00fcr\u00fclebilir bir yakla\u015f\u0131m sa\u011flar.<\/p><p>Elektrostatik p\u00fcsk\u00fcrt\u00fcc\u00fcler sera ila\u00e7lamas\u0131nda bir ba\u015fka yenilik\u00e7i se\u00e7enektir. Bu p\u00fcsk\u00fcrt\u00fcc\u00fcler s\u0131v\u0131 damlac\u0131klar\u0131n\u0131 y\u00fckleyerek bunlar\u0131n bitki y\u00fczeylerine \u00e7ekilmesini sa\u011flar. Bu, yapraklar\u0131n alt k\u0131s\u0131mlar\u0131nda ve ula\u015f\u0131lmas\u0131 zor di\u011fer alanlarda bile daha d\u00fczg\u00fcn ve kapsaml\u0131 bir kaplama sa\u011flar. Elektrostatik p\u00fcsk\u00fcrt\u00fcc\u00fcler son derece verimli olup kimyasal kullan\u0131m\u0131n\u0131 ve israf\u0131 azalt\u0131rken zararl\u0131lara ve hastal\u0131klara kar\u015f\u0131 etkin kontrol sa\u011flar. P\u00fcsk\u00fcrtme ekipman\u0131n\u0131n d\u00fczenli bak\u0131m\u0131 ve kalibrasyonu, d\u00fczg\u00fcn \u00e7al\u0131\u015ft\u0131klar\u0131ndan ve do\u011fru dozajda tedavi sa\u011flad\u0131klar\u0131ndan emin olmak i\u00e7in \u00e7ok \u00f6nemlidir. Kimyasallar\u0131n gere\u011finden fazla veya az uygulanmas\u0131n\u0131 \u00f6nlemek i\u00e7in operat\u00f6rlerin bu makinelerin kullan\u0131m\u0131 ve g\u00fcvenli\u011fi konusunda iyi e\u011fitimli olmas\u0131 gerekir. Ek olarak, ak\u0131ll\u0131 teknolojinin ve ger\u00e7ek zamanl\u0131 veri izlemenin entegre edilmesi, sera ila\u00e7lamas\u0131n\u0131n etkinli\u011fini daha da art\u0131rabilir ve mevcut zararl\u0131 ve hastal\u0131k ko\u015fullar\u0131na g\u00f6re ayarlamalar yap\u0131lmas\u0131na olanak tan\u0131r. Sera yeti\u015ftiricileri, uygun p\u00fcsk\u00fcrtme makinelerini ve tekniklerini kullanarak sa\u011fl\u0131kl\u0131 bir b\u00fcy\u00fcme ortam\u0131n\u0131 koruyabilir, bitki verimini art\u0131rabilir ve daha kaliteli \u00fcr\u00fcnler \u00fcretebilir. Etkili ila\u00e7lama, bitkileri zararl\u0131lardan ve hastal\u0131klardan korumakla kalmaz, ayn\u0131 zamanda kimyasal kullan\u0131m\u0131n\u0131 en aza indirerek ve \u00e7evresel etkiyi azaltarak s\u00fcrd\u00fcr\u00fclebilir tar\u0131m uygulamalar\u0131n\u0131 da destekler.\u00a0<\/p><\/div><\/div><\/div><\/div>\t\t\t\t\t\t<\/div>\n\t\t\t\t<\/div>\n\t\t\t\t\t<\/div>\n\t\t\t\t<\/div>\n\t\t\t\t<\/div>\n\t\t","protected":false},"excerpt":{"rendered":"<p>Anasayfa Valente 600 L &#8211; Sera 600 L Trakt\u00f6re G\u00f6re Makine \u00dcretimi Mahsule G\u00f6re Makine \u00dcretimi 2 Y\u0131l Garanti 10 Y\u0131l Yedek Par\u00e7a Garantisi \u00dcr\u00fcn\u00fc G\u00f6r\u00fcnt\u00fcle Seralarda bitkilerin sa\u011fl\u0131\u011f\u0131n\u0131n korunmas\u0131 i\u00e7in etkili bah\u00e7e ila\u00e7lama makineleri \u015fartt\u0131r. Sera ortamlar\u0131 kontrol alt\u0131nda tutuldu\u011fu halde yaprak bitleri, beyaz sinekler, \u00f6r\u00fcmcek akarlar\u0131 ve mantar enfeksiyonlar\u0131 gibi zararl\u0131lara ve hastal\u0131klara &#8230; <a title=\"Sera \u0130la\u00e7lama Makinesi\" class=\"read-more\" href=\"https:\/\/confienzafarm.com\/tr\/sera-ilaclama-makinesi\/\" aria-label=\"Read more about Sera \u0130la\u00e7lama Makinesi\">Devam\u0131n\u0131 oku<\/a><\/p>\n","protected":false},"author":1,"featured_media":0,"parent":0,"menu_order":0,"comment_status":"closed","ping_status":"closed","template":"elementor_header_footer","meta":{"footnotes":""},"_links":{"self":[{"href":"https:\/\/confienzafarm.com\/tr\/wp-json\/wp\/v2\/pages\/1585"}],"collection":[{"href":"https:\/\/confienzafarm.com\/tr\/wp-json\/wp\/v2\/pages"}],"about":[{"href":"https:\/\/confienzafarm.com\/tr\/wp-json\/wp\/v2\/types\/page"}],"author":[{"embeddable":true,"href":"https:\/\/confienzafarm.com\/tr\/wp-json\/wp\/v2\/users\/1"}],"replies":[{"embeddable":true,"href":"https:\/\/confienzafarm.com\/tr\/wp-json\/wp\/v2\/comments?post=1585"}],"version-history":[{"count":10,"href":"https:\/\/confienzafarm.com\/tr\/wp-json\/wp\/v2\/pages\/1585\/revisions"}],"predecessor-version":[{"id":1617,"href":"https:\/\/confienzafarm.com\/tr\/wp-json\/wp\/v2\/pages\/1585\/revisions\/1617"}],"wp:attachment":[{"href":"https:\/\/confienzafarm.com\/tr\/wp-json\/wp\/v2\/media?parent=1585"}],"curies":[{"name":"wp","href":"https:\/\/api.w.org\/{rel}","templated":true}]}}